{"id":17,"date":"2018-05-17T13:48:42","date_gmt":"2018-05-17T13:48:42","guid":{"rendered":"http:\/\/sm.itd.cnr.it\/sito\/?page_id=17"},"modified":"2023-10-05T16:30:22","modified_gmt":"2023-10-05T16:30:22","slug":"imooc","status":"publish","type":"page","link":"https:\/\/www.progetto-tris.it\/index.php\/imooc\/","title":{"rendered":"IMOOC"},"content":{"rendered":"<p>[vc_row][vc_column][vc_empty_space height=&#8221;50px&#8221;][vc_icon type=&#8221;openiconic&#8221; icon_openiconic=&#8221;vc-oi vc-oi-share&#8221; color=&#8221;accent&#8221; background_style=&#8221;rounded-outline&#8221; background_color=&#8221;white&#8221; size=&#8221;lg&#8221; align=&#8221;center&#8221;][\/vc_column][\/vc_row][vc_row equal_height=&#8221;yes&#8221; content_placement=&#8221;top&#8221; parallax=&#8221;content-moving&#8221; parallax_speed_bg=&#8221;1.3&#8243; css=&#8221;.vc_custom_1550159139977{padding-top: 60px !important;padding-bottom: 30px !important;}&#8221;][vc_column width=&#8221;1\/6&#8243; col_padding=&#8221;2&#8243; col_padding_side=&#8221;left&#8221;][\/vc_column][vc_column width=&#8221;2\/3&#8243;][vc_column_text]<\/p>\n<h5 style=\"text-align: center;\">L\u2019I-MOOC di TRIS \u00e8 una piattaforma aperta per la formazione online finalizzata al trasferimento su larga scala di conoscenze e competenze sul modello TRIS e la sua applicabilit\u00e0 in presenza di studenti che non possono frequentare fisicamente la scuola.<\/h5>\n<h5 style=\"text-align: center;\">Attraverso interviste, storie, materiali multimedia e video interattivi, il fruitore dell\u2019I-MOOC potr\u00e0 esplorare in modo libero tutte le componenti che fanno parte del modello TRIS, personalizzando la propria modalit\u00e0 di navigazione dei contenuti.<\/h5>\n<p>[\/vc_column_text][\/vc_column][vc_column width=&#8221;1\/6&#8243;][\/vc_column][\/vc_row][vc_row css=&#8221;.vc_custom_1550159165352{padding-top: 40px !important;padding-bottom: 45px !important;}&#8221;][vc_column width=&#8221;1\/2&#8243;][vc_column_text]<\/p>\n<h5 style=\"text-align: center;\"><em><strong>Accesso Libero<\/strong><\/em><\/h5>\n<p>Consente a chiunque (personale della scuola e non) di accedere liberamente a tutti i materiali di studio dell\u2019I-MOOC (contenuti video e testo di approfondimento), senza rilasciare crediti formativi.<\/p>\n<pre><em>Dal 31 luglio 2023 i materiali corsuali non saranno pi\u00f9 accessibili. Per i contenuti specifici si rimanda al libro adottato per il corso e scaricabile cliccando su LIBRO nel men\u00f9 in alto.<\/em>\"<\/pre>\n<p style=\"text-align: center;\">[\/vc_column_text][\/vc_column][vc_column width=&#8221;1\/2&#8243;][vc_column_text]<\/p>\n<h5 style=\"text-align: center;\"><em><strong>Accesso con Rilascio Crediti<\/strong><\/em><\/h5>\n<p>Prevede attivit\u00e0 nell&#8217;Aula Virtuale di consolidamento degli apprendimenti e di verifica delle conoscenze acquisite. L\u2019accesso con rilascio crediti \u00e8 riservato a insegnanti e dirigenti scolastici.<\/p>\n<pre><em>Dal 31 luglio 2023 il corso non sar\u00e0 pi\u00f9 accessibile. Le iscrizioni rimarranno aperte fino al 30 giugno 2023, quindi verr\u00e0 lasciato un mese di tempo per completare le attivit\u00e0 formative e richiedere l'attestato di partecipazione.<\/em>\"<\/pre>\n<p>[\/vc_column_text][\/vc_column][\/vc_row]<\/p>\n","protected":false},"excerpt":{"rendered":"<p>[vc_row][vc_column][vc_empty_space height=&#8221;50px&#8221;][vc_icon type=&#8221;openiconic&#8221; icon_openiconic=&#8221;vc-oi vc-oi-share&#8221; color=&#8221;accent&#8221; background_style=&#8221;rounded-outline&#8221; background_color=&#8221;white&#8221; size=&#8221;lg&#8221; align=&#8221;center&#8221;][\/vc_column][\/vc_row][vc_row equal_height=&#8221;yes&#8221; content_placement=&#8221;top&#8221; parallax=&#8221;content-moving&#8221; parallax_speed_bg=&#8221;1.3&#8243; css=&#8221;.vc_custom_1550159139977{padding-top: 60px !important;padding-bottom: 30px !important;}&#8221;][vc_column width=&#8221;1\/6&#8243; col_padding=&#8221;2&#8243; col_padding_side=&#8221;left&#8221;][\/vc_column][vc_column width=&#8221;2\/3&#8243;][vc_column_text] L\u2019I-MOOC di TRIS \u00e8 una piattaforma aperta per la formazione online finalizzata al trasferimento su larga scala di conoscenze e competenze sul modello TRIS e la sua [&hellip;]<\/p>\n","protected":false},"author":1,"featured_media":0,"parent":0,"menu_order":0,"comment_status":"closed","ping_status":"closed","template":"","meta":{"footnotes":""},"class_list":["post-17","page","type-page","status-publish","hentry"],"_links":{"self":[{"href":"https:\/\/www.progetto-tris.it\/index.php\/wp-json\/wp\/v2\/pages\/17","targetHints":{"allow":["GET"]}}],"collection":[{"href":"https:\/\/www.progetto-tris.it\/index.php\/wp-json\/wp\/v2\/pages"}],"about":[{"href":"https:\/\/www.progetto-tris.it\/index.php\/wp-json\/wp\/v2\/types\/page"}],"author":[{"embeddable":true,"href":"https:\/\/www.progetto-tris.it\/index.php\/wp-json\/wp\/v2\/users\/1"}],"replies":[{"embeddable":true,"href":"https:\/\/www.progetto-tris.it\/index.php\/wp-json\/wp\/v2\/comments?post=17"}],"version-history":[{"count":109,"href":"https:\/\/www.progetto-tris.it\/index.php\/wp-json\/wp\/v2\/pages\/17\/revisions"}],"predecessor-version":[{"id":2036,"href":"https:\/\/www.progetto-tris.it\/index.php\/wp-json\/wp\/v2\/pages\/17\/revisions\/2036"}],"wp:attachment":[{"href":"https:\/\/www.progetto-tris.it\/index.php\/wp-json\/wp\/v2\/media?parent=17"}],"curies":[{"name":"wp","href":"https:\/\/api.w.org\/{rel}","templated":true}]}}