{"id":70,"date":"2018-05-18T12:32:39","date_gmt":"2018-05-18T12:32:39","guid":{"rendered":"http:\/\/sm.itd.cnr.it\/sito\/?page_id=70"},"modified":"2021-06-01T09:48:13","modified_gmt":"2021-06-01T09:48:13","slug":"il-progetto","status":"publish","type":"page","link":"https:\/\/www.progetto-tris.it\/index.php\/il-progetto\/","title":{"rendered":"IL PROGETTO"},"content":{"rendered":"<p>[vc_row css=&#8221;.vc_custom_1494837258934{padding-top: 75px !important;padding-bottom: 50px !important;}&#8221;][vc_column width=&#8221;1\/4&#8243;][vc_empty_space height=&#8221;70px&#8221;][vc_custom_heading text=&#8221;Il Progetto TRIS&#8221; font_container=&#8221;tag:h3|font_size:34px|text_align:left|color:%23727272&#8243; use_theme_fonts=&#8221;yes&#8221; css=&#8221;.vc_custom_1528966899020{margin-bottom: 45px !important;}&#8221;][\/vc_column][vc_column width=&#8221;3\/4&#8243;][vc_empty_space height=&#8221;70px&#8221;][vc_row_inner][vc_column_inner css=&#8221;.vc_custom_1494837242649{padding-right: 25px !important;}&#8221;][vc_column_text font_size=&#8221;large&#8221;]<\/p>\n<p class=\"p1\">TRIS propone un modello eco-sistemico finalizzato ad attivare sinergie fra le diverse reti sociali e istituzionali che, come punto di intersezione, hanno studenti costretti a lunghe assenze da scuola (talvolta ripetute nel tempo se non addirittura permanenti) per gravi problemi di salute.<\/p>\n<p>[\/vc_column_text][vc_column_text font_size=&#8221;large&#8221;]<\/p>\n<p class=\"p1\">Il Modello TRIS poggia sul concetto di classe ibrida inclusiva in grado di far mantenere al passo con le lezioni gli studenti che non possono frequentarle regolarmente attraverso un coinvolgimento attivo e partecipativo alle attivit\u00e0 didattiche che avvengono in aula e fuori dall\u2019aula.<\/p>\n<p>[\/vc_column_text][vc_empty_space height=&#8221;70px&#8221;][\/vc_column_inner][\/vc_row_inner][vc_row_inner][vc_column_inner width=&#8221;1\/3&#8243;]<div class=\"vntd-icon-box vntd-content-element box-centered-basic icon-size-medium box-centered  animated vntd-animated  icon-box-with-link\" data-animation=\"fadeIn\" data-animation-delay=\"100\"><a href=\"https:\/\/progetto-tris.it\/index.php\/il-progetto\/tris-1\/\" target=\"_self\"><div class=\"icon-box-icon\"><i class=\"vc_li vc_li-search\"><\/i><\/div><div class=\"icon-box-content\"><h5 class=\"icon-box-title\">TRIS 1<\/h5><p class=\"icon-description\">La Ricerca e la Sperimentazione<\/p><\/div><\/a><\/div>[\/vc_column_inner][vc_column_inner width=&#8221;1\/3&#8243;]<div class=\"vntd-icon-box vntd-content-element box-centered-basic icon-size-medium box-centered  animated vntd-animated  icon-box-with-link\" data-animation=\"fadeIn\" data-animation-delay=\"100\"><a href=\"https:\/\/progetto-tris.it\/index.php\/il-progetto\/tris-2\/\" target=\"_self\"><div class=\"icon-box-icon\"><i class=\"entypo-icon entypo-icon-rocket\"><\/i><\/div><div class=\"icon-box-content\"><h5 class=\"icon-box-title\">TRIS 2<\/h5><p class=\"icon-description\">Il Trasferimento e la Formazione<\/p><\/div><\/a><\/div>[\/vc_column_inner][vc_column_inner width=&#8221;1\/3&#8243;]<div class=\"vntd-icon-box vntd-content-element box-centered-basic icon-size-medium box-centered  icon-box-with-link\"><a href=\"https:\/\/progetto-tris.it\/index.php\/il-progetto\/tris-team\/\" target=\"_self\"><div class=\"icon-box-icon\"><i class=\"fa fa-users\"><\/i><\/div><div class=\"icon-box-content\"><h5 class=\"icon-box-title\">TRIS TEAM<\/h5><p class=\"icon-description\">Un Gruppo Interdisciplinare<\/p><\/div><\/a><\/div>[\/vc_column_inner][\/vc_row_inner][vc_empty_space][vc_column_text]<\/p>\n<h4>Il progetto TRIS si \u00e8 concluso ufficialmente il 31 agosto 2020. Tuttavia, data la particolare situazione emergenziale, si \u00e8 ritenuto utile mantenere attivo per ulteriori due anni il <a href=\"https:\/\/www.progetto-tris.it\/index.php\/imooc\/\">percorso formativo online<\/a> sul modello TRIS di classe ibrida inclusiva.<\/h4>\n<p>[\/vc_column_text][\/vc_column][\/vc_row][vc_row bg_color_pre=&#8221;bg-color-1&#8243; css=&#8221;.vc_custom_1494842959159{padding-top: 70px !important;padding-bottom: 60px !important;}&#8221;][vc_column][vc_empty_space height=&#8221;60px&#8221;][\/vc_column][\/vc_row][vc_row color_scheme=&#8221;white&#8221; bg_overlay=&#8221;accent&#8221; css=&#8221;.vc_custom_1528990592799{padding-top: 90px !important;padding-bottom: 75px !important;background-image: url(http:\/\/sm.itd.cnr.it\/sito\/wp-content\/uploads\/2018\/05\/moddt_IMG_9612-0041-e1527172802419.jpg?id=166) !important;}&#8221;][vc_column]<div class=\"special-heading vntd-heading heading-no-border heading-align-center\"style=\"margin-bottom:55px;\"><h3 class=\"special-heading-title\">Verso una reale inclusione educativa<\/h3><p class=\"special-heading-subtitle\">Un progetto che lascia il segno<\/p><\/div><div class=\"vntd-testimonials-holder vntd-carousel-holder\"><div class=\"vntd-testimonials vntd-carousel owl-carousel testimonials-minimal nav-position-bottom\" data-dots=\"true\" data-nav=\"false\" data-autoplay=\"true\" data-autoplay-timeout=\"10000\" data-cols=\"1\" data-cols-tablet=\"1\" data-margin=\"30\" data-animate-in=\"fadeIn\" data-animate-out=\"fadeOut\">\n\t\t<div class=\"item carousel-item testimonial-item\">\n\n\t\t\t<div class=\"testimonial-inner\">\n\n\t\t\t\t<div class=\"testimonial-content\">\n\t\t\t\t\t<p>\u201cLa nostra scuola ha partecipato ad un progetto sul femminicidio. Noi, in particolare, essendo la classe 2.0, abbiamo deciso di creare dei lavori con l\u2019uso della tecnologia. Per la prima volta, probabilmente, abbiamo lavorato davvero tutti insieme... \u00e8 stato il primo momento in cui ho avvertito davvero il lavoro di squadra, perch\u00e9 ci siamo aiutati l\u2019un l\u2019altro, ci siamo dati dei consigli, abbiamo fatto in modo che ognuno facesse anche qualcosa che non aveva mai fatto cos\u00ec da ampliare le sue capacit\u00e0. Per la prima volta, forse, mi sono sentita davvero parte di questa classe a tutti gli effetti.\u201d <\/p>\n\t\t\t\t<\/div>\n\n\t\t\t\t<div class=\"testimonial-caption\">\n\t\t\t\t\t<div class=\"testimonial-author\">Alessia<\/div>\n\t\t\t\t\t<div class=\"testimonial-position\"><\/div>\t\t\t\t<\/div>\n\n\t\t\t<\/div>\n\n\t\t<\/div>\n\n\t\n\t\t<div class=\"item carousel-item testimonial-item\">\n\n\t\t\t<div class=\"testimonial-inner\">\n\n\t\t\t\t<div class=\"testimonial-content\">\n\t\t\t\t\t<p>Mi piace dire che TRIS \u00e8 soprattutto il lavoro entusiasta di tante persone, ognuna con le sue competenze, per rendere realmente garantito un diritto. E non \u00e8 commovente, \u00e8 emozionante come lo sanno essere i progetti che consentono di non lasciare dietro nessuno.<\/p>\n\t\t\t\t<\/div>\n\n\t\t\t\t<div class=\"testimonial-caption\">\n\t\t\t\t\t<div class=\"testimonial-author\">Marusia Ciriaci<\/div>\n\t\t\t\t\t<a href=\"http:\/\/www.fondazionetim.it\/\"><div class=\"testimonial-position\">Project Manager Fondazione TIM<\/div><\/a>\t\t\t\t<\/div>\n\n\t\t\t<\/div>\n\n\t\t<\/div>\n\n\t\n\t\t<div class=\"item carousel-item testimonial-item\">\n\n\t\t\t<div class=\"testimonial-inner\">\n\n\t\t\t\t<div class=\"testimonial-content\">\n\t\t\t\t\t<p>Il totale coinvolgimento dei ragazzi e le loro famiglie, personale ed emotivo, nelle vicende del progetto hanno prodotto un\u2019alchimia senza eguali che, al di l\u00e0 dei risultati ottenuti in termini di vera ed evidente inclusione socio-educativa, ha lasciato nei ricercatori di TRIS un profondo segno sul piano umano.<\/p>\n\t\t\t\t<\/div>\n\n\t\t\t\t<div class=\"testimonial-caption\">\n\t\t\t\t\t<div class=\"testimonial-author\">TRIS TEAM<\/div>\n\t\t\t\t\t<a href=\"http:\/\/www.itd.cnr.it\"><div class=\"testimonial-position\">ITD - CNR<\/div><\/a>\t\t\t\t<\/div>\n\n\t\t\t<\/div>\n\n\t\t<\/div>\n\n\t\n\t\t<div class=\"item carousel-item testimonial-item\">\n\n\t\t\t<div class=\"testimonial-inner\">\n\n\t\t\t\t<div class=\"testimonial-content\">\n\t\t\t\t\t<p>TRIS \u00e8 un progetto che dimostra che governare il virtuale e non subirlo consente di estendere le possibilit\u00e0 del reale e di superarne i limiti. In questo caso, la classe non \u00e8 pi\u00f9 chiusa tra quattro mura ma contiene una finestra da cui lo studente a casa pu\u00f2 affacciarsi ed essere a tutti gli effetti presente, interagire con i docenti, lavorare con gli altri studenti.<\/p>\n\t\t\t\t<\/div>\n\n\t\t\t\t<div class=\"testimonial-caption\">\n\t\t\t\t\t<div class=\"testimonial-author\">Paolo Teoducci<\/div>\n\t\t\t\t\t<a href=\"http:\/\/www.fondazionetim.it\/\"><div class=\"testimonial-position\">Direttore Generale Fondazione TIM<\/div><\/a>\t\t\t\t<\/div>\n\n\t\t\t<\/div>\n\n\t\t<\/div>\n\n\t<\/div><\/div>[\/vc_column][\/vc_row]<\/p>\n","protected":false},"excerpt":{"rendered":"<p>[vc_row css=&#8221;.vc_custom_1494837258934{padding-top: 75px !important;padding-bottom: 50px !important;}&#8221;][vc_column width=&#8221;1\/4&#8243;][vc_empty_space height=&#8221;70px&#8221;][vc_custom_heading text=&#8221;Il Progetto TRIS&#8221; font_container=&#8221;tag:h3|font_size:34px|text_align:left|color:%23727272&#8243; use_theme_fonts=&#8221;yes&#8221; css=&#8221;.vc_custom_1528966899020{margin-bottom: 45px !important;}&#8221;][\/vc_column][vc_column width=&#8221;3\/4&#8243;][vc_empty_space height=&#8221;70px&#8221;][vc_row_inner][vc_column_inner css=&#8221;.vc_custom_1494837242649{padding-right: 25px !important;}&#8221;][vc_column_text font_size=&#8221;large&#8221;] TRIS propone un modello eco-sistemico finalizzato ad attivare sinergie fra le diverse reti sociali e istituzionali che, come punto di intersezione, hanno studenti costretti a lunghe assenze da [&hellip;]<\/p>\n","protected":false},"author":1,"featured_media":0,"parent":0,"menu_order":0,"comment_status":"closed","ping_status":"closed","template":"","meta":{"footnotes":""},"class_list":["post-70","page","type-page","status-publish","hentry"],"_links":{"self":[{"href":"https:\/\/www.progetto-tris.it\/index.php\/wp-json\/wp\/v2\/pages\/70","targetHints":{"allow":["GET"]}}],"collection":[{"href":"https:\/\/www.progetto-tris.it\/index.php\/wp-json\/wp\/v2\/pages"}],"about":[{"href":"https:\/\/www.progetto-tris.it\/index.php\/wp-json\/wp\/v2\/types\/page"}],"author":[{"embeddable":true,"href":"https:\/\/www.progetto-tris.it\/index.php\/wp-json\/wp\/v2\/users\/1"}],"replies":[{"embeddable":true,"href":"https:\/\/www.progetto-tris.it\/index.php\/wp-json\/wp\/v2\/comments?post=70"}],"version-history":[{"count":35,"href":"https:\/\/www.progetto-tris.it\/index.php\/wp-json\/wp\/v2\/pages\/70\/revisions"}],"predecessor-version":[{"id":1920,"href":"https:\/\/www.progetto-tris.it\/index.php\/wp-json\/wp\/v2\/pages\/70\/revisions\/1920"}],"wp:attachment":[{"href":"https:\/\/www.progetto-tris.it\/index.php\/wp-json\/wp\/v2\/media?parent=70"}],"curies":[{"name":"wp","href":"https:\/\/api.w.org\/{rel}","templated":true}]}}