{"id":78,"date":"2018-05-18T12:33:50","date_gmt":"2018-05-18T12:33:50","guid":{"rendered":"http:\/\/sm.itd.cnr.it\/sito\/?page_id=78"},"modified":"2019-09-17T10:28:20","modified_gmt":"2019-09-17T10:28:20","slug":"alessia","status":"publish","type":"page","link":"https:\/\/www.progetto-tris.it\/index.php\/tris-stories\/alessia\/","title":{"rendered":"Alessia"},"content":{"rendered":"<p>[vc_row content_placement=&#8221;middle&#8221; css=&#8221;.vc_custom_1529072160454{padding-top: 160px !important;padding-bottom: 160px !important;}&#8221;][vc_column][vc_custom_heading text=&#8221;ALESSIA&#8221; font_container=&#8221;tag:h2|font_size:56px|text_align:center|color:%23000000&#8243; use_theme_fonts=&#8221;yes&#8221; css=&#8221;.vc_custom_1529072022700{margin-bottom: 20px !important;}&#8221;][vc_column_text font_size=&#8221;large&#8221; text_color=&#8221;accent&#8221;]<\/p>\n<p align=\"center\">Volla (NA)<\/p>\n<p>[\/vc_column_text][vc_empty_space height=&#8221;60px&#8221;][vc_row_inner][vc_column_inner width=&#8221;1\/4&#8243;][\/vc_column_inner][vc_column_inner width=&#8221;3\/4&#8243;][vc_column_text font_size=&#8221;large&#8221;]Alessia vive nella prima cintura di Napoli, a Volla. Cos\u00ec come sua mamma e sua sorella, Alessia soffre di una particolare malattia, la Sensibilit\u00e0 Chimica Multipla (MCS &#8211; Multiple Chemical Sensitivity) che comporta reazioni allergiche gravi a tutti i pi\u00f9 comuni agenti chimici. In terza primaria, la malattia di Alessia si aggrava, fino ad impedirle di andare fisicamente a scuola e di stare in aula durante le lezioni.<\/p>\n<p>Grazie all\u2019azione e alla preparazione delle maestre, nonch\u00e9 di tutto il personale scolastico, Alessia inizia a seguire le lezioni da casa, attraverso il collegamento Skype, ma il senso di distanza tra lei e il mondo della scuola sembra aumentare.<\/p>\n<blockquote><p><span style=\"color: #ff6600;\">Di per s\u00e9, una malattia cos\u00ec particolare ed \u201cinvisibile\u201d come l\u2019MCS \u00e8 difficile da spiegare a chi non ne soffre, cos\u00ec come, nonostante gli sforzi dei docenti, \u00e8 faticoso far comprendere agli studenti in classe la situazione della compagna a casa. Inoltre, per Alessia, la scuola a distanza diventa un\u2019occasione fondamentale di contatto con il mondo, mentre, per i compagni in classe, le lezioni sono per lo pi\u00f9 un impegno della routine quotidiana.<\/span><\/p><\/blockquote>\n<p>Alessia viene inserita nel progetto TRIS sin da suo inizio e inizia anche lei un percorso che favorir\u00e0 la sua inclusione a scuola.<\/p>\n<p>I docenti, cos\u00ec come il preside e la dirigente amministrativa, si immergono nella formazione offerta dai ricercatori TRIS del ITD, applicando in classe gli stimoli offerti dal percorso formativo.<\/p>\n<p>Da subito, le maestre effettuano le esercitazioni sulle tecnologie e diventano pi\u00f9 sciolte nell\u2019utilizzo degli strumenti e dei software durante le lezioni, interagendo costantemente con i ricercatori per la costruzione di lezioni inclusive, che prevedano momenti interattivi e lavori di gruppo.[\/vc_column_text][vc_column_text font_size=&#8221;large&#8221;]Alessia si trova per prima volta coinvolta nella classe e pu\u00f2 interagire con i compagni, vivendo i momenti belli e i conflitti, cos\u00ec come tutti i bambini che frequentano la scuola normalmente.<\/p>\n<p>Al termine del secondo anno del progetto TRIS, Alessia passa dalla scuola primaria alla scuola secondaria di 1\u00b0, rimanendo nello stesso istituto comprensivo. I docenti,\u00a0 formati con il <a href=\"https:\/\/www.progetto-tris.it\/index.php\/il-modello\/\">Modello TRIS<\/a>, accolgono la studentessa a distanza, provando immediatamente ad organizzare una didattica inclusiva e innovativa, sfruttando anche i tablet che la <a href=\"http:\/\/www.fondazionetim.it\/\">Fondazione TIM<\/a> ha fornito a ogni studente della classe.<\/p>\n<p>L\u2019uso di tecnologie nella lezione non \u00e8 mai semplice e, se viene sommato al tentativo di introdurre attivit\u00e0 di gruppo e di coppia con una studentessa a distanza, la difficolt\u00e0 aumenta notevolmente. Tuttavia, i docenti affrontano la sfida e costruiscono un nuovo modo di fare lezione che, come nella scuola elementare, consente ad Alessia di partecipare a tutti i momenti, positivi e negativi, vissuti dalla classe, arrivando a sentirsi parte attiva di un gruppo unito e collaborativo.<\/p>\n<p class=\"m_1588314033670186822normalewise\">Cos\u00ec come nel passaggio fra Scuola Primaria e Secondaria di I\u00b0 Grado, Alessia \u00e8 stata seguita e supportata anche nella transizione tra la Scuola Secondaria di I\u00b0 Grado e quella di II\u00b0 Grado. <u><\/u><u><\/u>Attualmente Alessia frequenta un Liceo Scientifico in provincia di Napoli.<\/p>\n<p>[\/vc_column_text][vc_empty_space height=&#8221;60px&#8221;]<div class=\"vntd-testimonials-holder vntd-carousel-holder\"><div class=\"vntd-testimonials vntd-carousel owl-carousel testimonials-minimal nav-position-bottom\" data-dots=\"\" data-nav=\"false\" data-autoplay=\"\" data-autoplay-timeout=\"7000\" data-cols=\"1\" data-cols-tablet=\"1\" data-margin=\"30\" data-animate-in=\"fadeIn\" data-animate-out=\"fadeOut\">\n\t\t<div class=\"item carousel-item testimonial-item\">\n\n\t\t\t<div class=\"testimonial-inner\">\n\n\t\t\t\t<div class=\"testimonial-content\">\n\t\t\t\t\t<p>\u201cLa nostra scuola ha partecipato ad un progetto sul femminicidio. Noi, in particolare, essendo la classe 2.0, abbiamo deciso di creare dei lavori con l\u2019uso della tecnologia. Per la prima volta, probabilmente, abbiamo lavorato davvero tutti insieme... \u00e8 stato il primo momento in cui ho avvertito davvero il lavoro di squadra, perch\u00e9 ci siamo aiutati l\u2019un l\u2019altro, ci siamo dati dei consigli, abbiamo fatto in modo che ognuno facesse anche qualcosa che non aveva mai fatto cos\u00ec da ampliare le sue capacit\u00e0. Per la prima volta, forse, mi sono sentita davvero parte di questa classe a tutti gli effetti.\u201d <\/p>\n\t\t\t\t<\/div>\n\n\t\t\t\t<div class=\"testimonial-caption\">\n\t\t\t\t\t<div class=\"testimonial-author\">Alessia<\/div>\n\t\t\t\t\t<div class=\"testimonial-position\"><\/div>\t\t\t\t<\/div>\n\n\t\t\t<\/div>\n\n\t\t<\/div>\n\n\t<\/div><\/div>[\/vc_column_inner][\/vc_row_inner][\/vc_column][\/vc_row]<\/p>\n","protected":false},"excerpt":{"rendered":"<p>[vc_row content_placement=&#8221;middle&#8221; css=&#8221;.vc_custom_1529072160454{padding-top: 160px !important;padding-bottom: 160px !important;}&#8221;][vc_column][vc_custom_heading text=&#8221;ALESSIA&#8221; font_container=&#8221;tag:h2|font_size:56px|text_align:center|color:%23000000&#8243; use_theme_fonts=&#8221;yes&#8221; css=&#8221;.vc_custom_1529072022700{margin-bottom: 20px !important;}&#8221;][vc_column_text font_size=&#8221;large&#8221; text_color=&#8221;accent&#8221;] Volla (NA) [\/vc_column_text][vc_empty_space height=&#8221;60px&#8221;][vc_row_inner][vc_column_inner width=&#8221;1\/4&#8243;][\/vc_column_inner][vc_column_inner width=&#8221;3\/4&#8243;][vc_column_text font_size=&#8221;large&#8221;]Alessia vive nella prima cintura di Napoli, a Volla. Cos\u00ec come sua mamma e sua sorella, Alessia soffre di una particolare malattia, la Sensibilit\u00e0 Chimica Multipla (MCS &#8211; Multiple [&hellip;]<\/p>\n","protected":false},"author":1,"featured_media":0,"parent":15,"menu_order":0,"comment_status":"closed","ping_status":"closed","template":"","meta":{"footnotes":""},"class_list":["post-78","page","type-page","status-publish","hentry"],"_links":{"self":[{"href":"https:\/\/www.progetto-tris.it\/index.php\/wp-json\/wp\/v2\/pages\/78","targetHints":{"allow":["GET"]}}],"collection":[{"href":"https:\/\/www.progetto-tris.it\/index.php\/wp-json\/wp\/v2\/pages"}],"about":[{"href":"https:\/\/www.progetto-tris.it\/index.php\/wp-json\/wp\/v2\/types\/page"}],"author":[{"embeddable":true,"href":"https:\/\/www.progetto-tris.it\/index.php\/wp-json\/wp\/v2\/users\/1"}],"replies":[{"embeddable":true,"href":"https:\/\/www.progetto-tris.it\/index.php\/wp-json\/wp\/v2\/comments?post=78"}],"version-history":[{"count":43,"href":"https:\/\/www.progetto-tris.it\/index.php\/wp-json\/wp\/v2\/pages\/78\/revisions"}],"predecessor-version":[{"id":1818,"href":"https:\/\/www.progetto-tris.it\/index.php\/wp-json\/wp\/v2\/pages\/78\/revisions\/1818"}],"up":[{"embeddable":true,"href":"https:\/\/www.progetto-tris.it\/index.php\/wp-json\/wp\/v2\/pages\/15"}],"wp:attachment":[{"href":"https:\/\/www.progetto-tris.it\/index.php\/wp-json\/wp\/v2\/media?parent=78"}],"curies":[{"name":"wp","href":"https:\/\/api.w.org\/{rel}","templated":true}]}}